{"id":39,"date":"2020-03-04T11:29:56","date_gmt":"2020-03-04T11:29:56","guid":{"rendered":"https:\/\/die-alte-schreinerei-titz.de\/?page_id=39"},"modified":"2020-03-04T15:20:27","modified_gmt":"2020-03-04T15:20:27","slug":"ueber-uns","status":"publish","type":"page","link":"https:\/\/die-alte-schreinerei-titz.de\/index.php\/ueber-uns\/","title":{"rendered":"Der kreative Treffpunkt"},"content":{"rendered":"<p>Die alte Schreinerei in Titz bietet einen kreativen Treffpunkt f\u00fcr handwerkliche Erzeugnisse.<\/p>\n<p>Holz- und T\u00f6pferarbeiten, Workshops und vieles mehr in einer gem\u00fctlichen Umgebung. Wir verwenden einen eigenen T\u00f6pferofen, der auch gerne von Ihnen genutzt werden kann.<\/p>\n<p>Haben wir Ihr Interesse geweckt?<br \/>\nSie k\u00f6nnen uns gerne eine eMail schreiben, oder pers\u00f6nlich vorbeischauen.<\/p>\n<p>Alle Informationen finden Sie unter &#8222;Kontakt&#8220;.<\/p>\n","protected":false},"excerpt":{"rendered":"<p>Die alte Schreinerei in Titz bietet einen kreativen Treffpunkt f\u00fcr handwerkliche Erzeugnisse. Holz- und T\u00f6pferarbeiten, Workshops und vieles mehr in einer gem\u00fctlichen Umgebung. Wir verwenden einen eigenen T\u00f6pferofen, der auch gerne von Ihnen genutzt werden kann. Haben wir Ihr Interesse geweckt? Sie k\u00f6nnen uns gerne eine eMail schreiben, oder pers\u00f6nlich vorbeischauen. Alle Informationen finden Sie &hellip; <\/p>\n<p class=\"link-more\"><a href=\"https:\/\/die-alte-schreinerei-titz.de\/index.php\/ueber-uns\/\" class=\"more-link\"><span class=\"screen-reader-text\">\u201eDer kreative Treffpunkt\u201c<\/span> weiterlesen<\/a><\/p>\n","protected":false},"author":1,"featured_media":0,"parent":0,"menu_order":0,"comment_status":"closed","ping_status":"closed","template":"","meta":{"footnotes":""},"_links":{"self":[{"href":"https:\/\/die-alte-schreinerei-titz.de\/index.php\/wp-json\/wp\/v2\/pages\/39"}],"collection":[{"href":"https:\/\/die-alte-schreinerei-titz.de\/index.php\/wp-json\/wp\/v2\/pages"}],"about":[{"href":"https:\/\/die-alte-schreinerei-titz.de\/index.php\/wp-json\/wp\/v2\/types\/page"}],"author":[{"embeddable":true,"href":"https:\/\/die-alte-schreinerei-titz.de\/index.php\/wp-json\/wp\/v2\/users\/1"}],"replies":[{"embeddable":true,"href":"https:\/\/die-alte-schreinerei-titz.de\/index.php\/wp-json\/wp\/v2\/comments?post=39"}],"version-history":[{"count":6,"href":"https:\/\/die-alte-schreinerei-titz.de\/index.php\/wp-json\/wp\/v2\/pages\/39\/revisions"}],"predecessor-version":[{"id":79,"href":"https:\/\/die-alte-schreinerei-titz.de\/index.php\/wp-json\/wp\/v2\/pages\/39\/revisions\/79"}],"wp:attachment":[{"href":"https:\/\/die-alte-schreinerei-titz.de\/index.php\/wp-json\/wp\/v2\/media?parent=39"}],"curies":[{"name":"wp","href":"https:\/\/api.w.org\/{rel}","templated":true}]}}